{"id":6046,"date":"2022-04-12T16:07:20","date_gmt":"2022-04-12T10:37:20","guid":{"rendered":"https:\/\/integrtr.com\/?page_id=6046"},"modified":"2026-02-06T13:43:45","modified_gmt":"2026-02-06T08:13:45","slug":"impressum-2","status":"publish","type":"page","link":"https:\/\/integrtr.com\/de\/imprint\/","title":{"rendered":"Impressum"},"content":{"rendered":"<div data-elementor-type=\"wp-page\" data-elementor-id=\"6046\" class=\"elementor elementor-6046\" data-elementor-post-type=\"page\">\n\t\t\t\t\t\t<section class=\"elementor-section elementor-top-section elementor-element elementor-element-7290aa8 elementor-section-items-stretch elementor-section-height-min-height elementor-section-boxed elementor-section-height-default\" data-id=\"7290aa8\" data-element_type=\"section\" data-e-type=\"section\" data-settings=\"{&quot;background_background&quot;:&quot;classic&quot;}\">\n\t\t\t\t\t\t\t<div class=\"elementor-background-overlay\"><\/div>\n\t\t\t\t\t\t\t<div class=\"elementor-container elementor-column-gap-default\">\n\t\t\t\t\t<div class=\"elementor-column elementor-col-100 elementor-top-column elementor-element elementor-element-0732fe4\" data-id=\"0732fe4\" data-element_type=\"column\" data-e-type=\"column\">\n\t\t\t<div class=\"elementor-widget-wrap elementor-element-populated\">\n\t\t\t\t\t\t<div class=\"elementor-element elementor-element-bb91799 elementor-widget elementor-widget-heading\" data-id=\"bb91799\" data-element_type=\"widget\" data-e-type=\"widget\" data-widget_type=\"heading.default\">\n\t\t\t\t<div class=\"elementor-widget-container\">\n\t\t\t\t\t<h1 class=\"elementor-heading-title elementor-size-default\">Impressum<\/h1>\t\t\t\t<\/div>\n\t\t\t\t<\/div>\n\t\t\t\t<div class=\"elementor-element elementor-element-045b15d elementor-widget elementor-widget-image\" data-id=\"045b15d\" data-element_type=\"widget\" data-e-type=\"widget\" data-widget_type=\"image.default\">\n\t\t\t\t<div class=\"elementor-widget-container\">\n\t\t\t\t\t\t\t\t\t\t\t\t\t\t\t<img decoding=\"async\" width=\"420\" height=\"6\" src=\"https:\/\/integrtr.com\/wp-content\/uploads\/2022\/03\/Group-3-1.svg\" class=\"attachment-large size-large wp-image-3151\" alt=\"\" \/>\t\t\t\t\t\t\t\t\t\t\t\t\t\t\t<\/div>\n\t\t\t\t<\/div>\n\t\t\t\t<div class=\"elementor-element elementor-element-5d5db833 elementor-align-center elementor-widget elementor-widget-button\" data-id=\"5d5db833\" data-element_type=\"widget\" data-e-type=\"widget\" data-widget_type=\"button.default\">\n\t\t\t\t<div class=\"elementor-widget-container\">\n\t\t\t\t\t\t\t\t\t<div class=\"elementor-button-wrapper\">\n\t\t\t\t\t<a class=\"elementor-button elementor-button-link elementor-size-sm\" href=\"#about\" id=\"gradiant-btn\">\n\t\t\t\t\t\t<span class=\"elementor-button-content-wrapper\">\n\t\t\t\t\t\t\t\t\t<span class=\"elementor-button-text\">Mehr sehen<\/span>\n\t\t\t\t\t<\/span>\n\t\t\t\t\t<\/a>\n\t\t\t\t<\/div>\n\t\t\t\t\t\t\t\t<\/div>\n\t\t\t\t<\/div>\n\t\t\t\t<div class=\"elementor-element elementor-element-cffe7e2 elementor-widget__width-auto elementor-absolute elementor-widget elementor-widget-image\" data-id=\"cffe7e2\" data-element_type=\"widget\" data-e-type=\"widget\" data-settings=\"{&quot;_position&quot;:&quot;absolute&quot;}\" data-widget_type=\"image.default\">\n\t\t\t\t<div class=\"elementor-widget-container\">\n\t\t\t\t\t\t\t\t\t\t\t\t\t\t\t<img fetchpriority=\"high\" decoding=\"async\" width=\"393\" height=\"698\" src=\"https:\/\/integrtr.com\/wp-content\/uploads\/2022\/02\/net-03-2.svg\" class=\"attachment-large size-large wp-image-1464\" alt=\"\" \/>\t\t\t\t\t\t\t\t\t\t\t\t\t\t\t<\/div>\n\t\t\t\t<\/div>\n\t\t\t\t<div class=\"elementor-element elementor-element-1b8f595 elementor-widget__width-auto elementor-absolute elementor-widget elementor-widget-image\" data-id=\"1b8f595\" data-element_type=\"widget\" data-e-type=\"widget\" data-settings=\"{&quot;_position&quot;:&quot;absolute&quot;}\" data-widget_type=\"image.default\">\n\t\t\t\t<div class=\"elementor-widget-container\">\n\t\t\t\t\t\t\t\t\t\t\t\t\t\t\t<img decoding=\"async\" width=\"587\" height=\"698\" src=\"https:\/\/integrtr.com\/wp-content\/uploads\/2022\/03\/net-03-2-1.png\" class=\"attachment-large size-large wp-image-3217\" alt=\"\" srcset=\"https:\/\/integrtr.com\/wp-content\/uploads\/2022\/03\/net-03-2-1.png 587w, https:\/\/integrtr.com\/wp-content\/uploads\/2022\/03\/net-03-2-1-252x300.png 252w\" sizes=\"(max-width: 587px) 100vw, 587px\" \/>\t\t\t\t\t\t\t\t\t\t\t\t\t\t\t<\/div>\n\t\t\t\t<\/div>\n\t\t\t\t<div class=\"elementor-element elementor-element-381d586 elementor-widget__width-auto elementor-absolute elementor-widget elementor-widget-image\" data-id=\"381d586\" data-element_type=\"widget\" data-e-type=\"widget\" data-settings=\"{&quot;_position&quot;:&quot;absolute&quot;}\" data-widget_type=\"image.default\">\n\t\t\t\t<div class=\"elementor-widget-container\">\n\t\t\t\t\t\t\t\t\t\t\t\t\t\t\t<img loading=\"lazy\" decoding=\"async\" width=\"340\" height=\"341\" src=\"https:\/\/integrtr.com\/wp-content\/uploads\/2022\/03\/Ellipse-9.png\" class=\"attachment-large size-large wp-image-3161\" alt=\"\" srcset=\"https:\/\/integrtr.com\/wp-content\/uploads\/2022\/03\/Ellipse-9.png 340w, https:\/\/integrtr.com\/wp-content\/uploads\/2022\/03\/Ellipse-9-300x300.png 300w, https:\/\/integrtr.com\/wp-content\/uploads\/2022\/03\/Ellipse-9-150x150.png 150w\" sizes=\"(max-width: 340px) 100vw, 340px\" \/>\t\t\t\t\t\t\t\t\t\t\t\t\t\t\t<\/div>\n\t\t\t\t<\/div>\n\t\t\t\t<div class=\"elementor-element elementor-element-21b4d6b elementor-widget__width-auto elementor-absolute elementor-widget elementor-widget-image\" data-id=\"21b4d6b\" data-element_type=\"widget\" data-e-type=\"widget\" data-settings=\"{&quot;_position&quot;:&quot;absolute&quot;}\" data-widget_type=\"image.default\">\n\t\t\t\t<div class=\"elementor-widget-container\">\n\t\t\t\t\t\t\t\t\t\t\t\t\t\t\t<img loading=\"lazy\" decoding=\"async\" width=\"293\" height=\"222\" src=\"https:\/\/integrtr.com\/wp-content\/uploads\/2022\/03\/Ellipse-9-1-e1648453871374.png\" class=\"attachment-large size-large wp-image-3162\" alt=\"\" \/>\t\t\t\t\t\t\t\t\t\t\t\t\t\t\t<\/div>\n\t\t\t\t<\/div>\n\t\t\t\t\t<\/div>\n\t\t<\/div>\n\t\t\t\t\t<\/div>\n\t\t<\/section>\n\t\t\t\t<section class=\"elementor-section elementor-top-section elementor-element elementor-element-fd37227 elementor-section-boxed elementor-section-height-default elementor-section-height-default\" data-id=\"fd37227\" data-element_type=\"section\" data-e-type=\"section\" id=\"about\" data-settings=\"{&quot;background_background&quot;:&quot;classic&quot;}\">\n\t\t\t\t\t\t<div class=\"elementor-container elementor-column-gap-default\">\n\t\t\t\t\t<div class=\"elementor-column elementor-col-100 elementor-top-column elementor-element elementor-element-5ffc27f\" data-id=\"5ffc27f\" data-element_type=\"column\" data-e-type=\"column\">\n\t\t\t<div class=\"elementor-widget-wrap elementor-element-populated\">\n\t\t\t\t\t\t<div class=\"elementor-element elementor-element-a4c2e1a elementor-widget elementor-widget-text-editor\" data-id=\"a4c2e1a\" data-element_type=\"widget\" data-e-type=\"widget\" data-widget_type=\"text-editor.default\">\n\t\t\t\t<div class=\"elementor-widget-container\">\n\t\t\t\t\t\t\t\t\t<h3>Impressum<\/h3><p><a href=\"https:\/\/integrtr.com\/de\/impressum\/\">Link zur deutschen Version - Impressum<\/a><\/p><p>Die nachstehenden Informationen enthalten die gesetzlich vorgesehenen Pflichtangaben zur Informations\u00fcbermittlung und Anbieterkennzeichnung im Internet.<br \/>Quellen: \u00a75 Telemediengesetz (TMG) und \u00a755 Rundfunkstaatsvertrag (RStV).<\/p><p>INTEGRTR GmbH<br \/><span data-olk-copy-source=\"MessageBody\">Mallaustr. 69-73<\/span><br \/><span data-olk-copy-source=\"MessageBody\">68219 Mannheim<\/span><br \/>Deutschland<\/p><p>E-Mail: info@integrtr.com<br \/>Internet: www.integrtr.de<br \/>Phone: +49(0)173 8933 891<\/p><p><strong>Gesch\u00e4ftsf\u00fchrer &amp; verantwortliche Personen<\/strong><br \/>J\u00f6rg Schreiber, Girish Bangalore<\/p><p><strong>Handelsregister<\/strong><br \/>Amtsgericht Mannheim, HRB 732924<\/p><p><strong>Umsatzsteuer-Identifikationsnummer (gem\u00e4\u00df \u00a727a Umsatzsteuergesetz)<\/strong><br \/>Umsatzsteuer-ID-Nr. DE323136190<\/p><p><strong>Haftungsausschluss (Disclaimer)<\/strong><\/p><p>Begrenzung der Haftung<\/p><p>Die Inhalte dieser Website werden mit gr\u00f6\u00dftm\u00f6glicher Sorgfalt erstellt. Der Anbieter \u00fcbernimmt jedoch keine Gew\u00e4hr f\u00fcr die Richtigkeit, Vollst\u00e4ndigkeit und Aktualit\u00e4t der bereitgestellten Inhalte. Die Nutzung der Inhalte der Website erfolgt auf eigene Gefahr des Nutzers. Namentlich gekennzeichnete Beitr\u00e4ge geben die Meinung des jeweiligen Autors und nicht immer die Meinung des Anbieters wieder. Mit der reinen Nutzung der Website des Anbieters kommt keinerlei Vertragsverh\u00e4ltnis zwischen dem Nutzer und dem Anbieter zustande.<\/p><p>Externe Links<\/p><p>Diese Website enth\u00e4lt Verkn\u00fcpfungen zu Websites Dritter (\"externe Links\"). Diese Websites unterliegen der Haftung der jeweiligen Betreiber. Der Anbieter hat bei der erstmaligen Verkn\u00fcpfung der externen Links die fremden Inhalte daraufhin \u00fcberpr\u00fcft, ob etwaige Rechtsverst\u00f6\u00dfe bestehen. Zu dem Zeitpunkt waren keine Rechtsverst\u00f6\u00dfe ersichtlich. Der Anbieter hat keinerlei Einfluss auf die aktuelle und zuk\u00fcnftige Gestaltung und auf die Inhalte der verkn\u00fcpften Seiten. Das Setzen von externen Links bedeutet nicht, dass sich der Anbieter die hinter dem Verweis oder Link liegenden Inhalte zu Eigen macht. Eine st\u00e4ndige Kontrolle dieser externen Links ist f\u00fcr den Anbieter ohne konkrete Hinweise auf Rechtsverst\u00f6\u00dfe nicht zumutbar. Bei Kenntnis von Rechtsverst\u00f6\u00dfen werden jedoch derartige externe Links unverz\u00fcglich gel\u00f6scht.<\/p><p>Urheber- und Leistungsschutzrechte<\/p><p>Die auf dieser Website ver\u00f6ffentlichten Inhalte unterliegen dem deutschen Urheber- und Leistungsschutzrecht. Jede vom deutschen Urheber- und Leistungsschutzrecht nicht zugelassene Verwertung bedarf der vorherigen schriftlichen Zustimmung des Anbieters oder jeweiligen Rechteinhabers. Dies gilt insbesondere f\u00fcr Vervielf\u00e4ltigung, Bearbeitung, \u00dcbersetzung, Einspeicherung, Verarbeitung bzw. Wiedergabe von Inhalten in Datenbanken oder anderen elektronischen Medien und Systemen. Inhalte und Rechte Dritter sind dabei als solche gekennzeichnet. Die unerlaubte Vervielf\u00e4ltigung oder Weitergabe einzelner Inhalte oder kompletter Seiten ist nicht gestattet und strafbar. Lediglich die Herstellung von Kopien und Downloads f\u00fcr den pers\u00f6nlichen, privaten und nicht kommerziellen Gebrauch ist erlaubt.<\/p><p>Die Darstellung dieser Website in fremden Frames ist nur mit schriftlicher Erlaubnis zul\u00e4ssig.<\/p><p>Besondere Nutzungsbedingungen<\/p><p>Soweit besondere Bedingungen f\u00fcr einzelne Nutzungen dieser Website von den vorgenannten Nummern 1. bis 3. abweichen, wird an entsprechender Stelle ausdr\u00fccklich darauf hingewiesen. In diesem Falle gelten im jeweiligen Einzelfall die besonderen Nutzungsbedingungen.<\/p><p><strong>Verwendete Grafik- und Fotoquellen:<\/strong><br \/>www.unsplash.com<br \/>www.istockphoto.com<\/p>\t\t\t\t\t\t\t\t<\/div>\n\t\t\t\t<\/div>\n\t\t\t\t\t<\/div>\n\t\t<\/div>\n\t\t\t\t\t<\/div>\n\t\t<\/section>\n\t\t\t\t<section class=\"elementor-section elementor-top-section elementor-element elementor-element-652cd2a6 elementor-section-boxed elementor-section-height-default elementor-section-height-default\" data-id=\"652cd2a6\" data-element_type=\"section\" data-e-type=\"section\">\n\t\t\t\t\t\t<div class=\"elementor-container elementor-column-gap-default\">\n\t\t\t\t\t<div class=\"elementor-column elementor-col-50 elementor-top-column elementor-element elementor-element-3d198331\" data-id=\"3d198331\" data-element_type=\"column\" data-e-type=\"column\">\n\t\t\t<div class=\"elementor-widget-wrap elementor-element-populated\">\n\t\t\t\t\t\t<div class=\"elementor-element elementor-element-480f7450 elementor-widget elementor-widget-heading\" data-id=\"480f7450\" data-element_type=\"widget\" data-e-type=\"widget\" data-widget_type=\"heading.default\">\n\t\t\t\t<div class=\"elementor-widget-container\">\n\t\t\t\t\t<h3 class=\"elementor-heading-title elementor-size-default\">Je effizienter Digitalisierung und Daten\nflie\u00dfen, desto h\u00f6her ist der Gesch\u00e4ftswert und\nWettbewerbsf\u00e4higkeit.<\/h3>\t\t\t\t<\/div>\n\t\t\t\t<\/div>\n\t\t\t\t<div class=\"elementor-element elementor-element-1eb3b343 elementor-widget elementor-widget-heading\" data-id=\"1eb3b343\" data-element_type=\"widget\" data-e-type=\"widget\" data-widget_type=\"heading.default\">\n\t\t\t\t<div class=\"elementor-widget-container\">\n\t\t\t\t\t<h3 class=\"elementor-heading-title elementor-size-default\">Aktualisieren Sie Ihre Unternehmensintegration<\/h3>\t\t\t\t<\/div>\n\t\t\t\t<\/div>\n\t\t\t\t\t<\/div>\n\t\t<\/div>\n\t\t\t\t<div class=\"elementor-column elementor-col-50 elementor-top-column elementor-element elementor-element-672fa291\" data-id=\"672fa291\" data-element_type=\"column\" data-e-type=\"column\">\n\t\t\t<div class=\"elementor-widget-wrap elementor-element-populated\">\n\t\t\t\t\t\t<div class=\"elementor-element elementor-element-a3d47cb elementor-widget__width-auto elementor-invisible elementor-widget elementor-widget-button\" data-id=\"a3d47cb\" data-element_type=\"widget\" data-e-type=\"widget\" data-settings=\"{&quot;_animation&quot;:&quot;slideInRight&quot;}\" data-widget_type=\"button.default\">\n\t\t\t\t<div class=\"elementor-widget-container\">\n\t\t\t\t\t\t\t\t\t<div class=\"elementor-button-wrapper\">\n\t\t\t\t\t<a class=\"elementor-button elementor-button-link elementor-size-sm\" href=\"\/de\/kontakt-uns\/\" id=\"gradiant-btn\">\n\t\t\t\t\t\t<span class=\"elementor-button-content-wrapper\">\n\t\t\t\t\t\t\t\t\t<span class=\"elementor-button-text\">Kontakt<\/span>\n\t\t\t\t\t<\/span>\n\t\t\t\t\t<\/a>\n\t\t\t\t<\/div>\n\t\t\t\t\t\t\t\t<\/div>\n\t\t\t\t<\/div>\n\t\t\t\t\t<\/div>\n\t\t<\/div>\n\t\t\t\t\t<\/div>\n\t\t<\/section>\n\t\t\t\t<\/div>","protected":false},"excerpt":{"rendered":"<p>Imprint See more Imprint Link to the German Version \u2013 Impressum The following information applies to the business activities of INTEGRTR GmbH in accordance with the statutory regulations on information obligations and provider identification on the Internet.Sources: \u00a75 Telemediengesetz (TMG) and \u00a755 Rundfunkstaatsvertrag (RStV). INTEGRTR GmbHMallaustr. 69-7368219 MannheimGermany E-mail: info@integrtr.comInternet: www.integrtr.dePhone: +49(0)173 8933 891 Managing [&hellip;]<\/p>\n","protected":false},"author":4,"featured_media":0,"parent":0,"menu_order":0,"comment_status":"closed","ping_status":"closed","template":"elementor_header_footer","meta":{"_acf_changed":false,"content-type":"","inline_featured_image":false,"site-sidebar-layout":"no-sidebar","site-content-layout":"page-builder","ast-site-content-layout":"default","site-content-style":"default","site-sidebar-style":"default","ast-global-header-display":"","ast-banner-title-visibility":"","ast-main-header-display":"","ast-hfb-above-header-display":"","ast-hfb-below-header-display":"","ast-hfb-mobile-header-display":"","site-post-title":"disabled","ast-breadcrumbs-content":"","ast-featured-img":"disabled","footer-sml-layout":"","ast-disable-related-posts":"","theme-transparent-header-meta":"","adv-header-id-meta":"","stick-header-meta":"","header-above-stick-meta":"","header-main-stick-meta":"","header-below-stick-meta":"","astra-migrate-meta-layouts":"default","ast-page-background-enabled":"default","ast-page-background-meta":{"desktop":{"background-color":"","background-image":"","background-repeat":"repeat","background-position":"center center","background-size":"auto","background-attachment":"scroll","background-type":"","background-media":"","overlay-type":"","overlay-color":"","overlay-opacity":"","overlay-gradient":""},"tablet":{"background-color":"","background-image":"","background-repeat":"repeat","background-position":"center center","background-size":"auto","background-attachment":"scroll","background-type":"","background-media":"","overlay-type":"","overlay-color":"","overlay-opacity":"","overlay-gradient":""},"mobile":{"background-color":"","background-image":"","background-repeat":"repeat","background-position":"center center","background-size":"auto","background-attachment":"scroll","background-type":"","background-media":"","overlay-type":"","overlay-color":"","overlay-opacity":"","overlay-gradient":""}},"ast-content-background-meta":{"desktop":{"background-color":"var(--ast-global-color-5)","background-image":"","background-repeat":"repeat","background-position":"center center","background-size":"auto","background-attachment":"scroll","background-type":"","background-media":"","overlay-type":"","overlay-color":"","overlay-opacity":"","overlay-gradient":""},"tablet":{"background-color":"var(--ast-global-color-5)","background-image":"","background-repeat":"repeat","background-position":"center center","background-size":"auto","background-attachment":"scroll","background-type":"","background-media":"","overlay-type":"","overlay-color":"","overlay-opacity":"","overlay-gradient":""},"mobile":{"background-color":"var(--ast-global-color-5)","background-image":"","background-repeat":"repeat","background-position":"center center","background-size":"auto","background-attachment":"scroll","background-type":"","background-media":"","overlay-type":"","overlay-color":"","overlay-opacity":"","overlay-gradient":""}},"footnotes":""},"class_list":["post-6046","page","type-page","status-publish","hentry"],"acf":[],"yoast_head":"<!-- This site is optimized with the Yoast SEO plugin v27.6 - https:\/\/yoast.com\/product\/yoast-seo-wordpress\/ -->\n<title>Imprint - INTEGRTR<\/title>\n<meta name=\"robots\" content=\"index, follow, max-snippet:-1, max-image-preview:large, max-video-preview:-1\" \/>\n<link rel=\"canonical\" href=\"https:\/\/integrtr.com\/de\/impressum-2\/\" \/>\n<meta property=\"og:locale\" content=\"de_DE\" \/>\n<meta property=\"og:type\" content=\"article\" \/>\n<meta property=\"og:title\" content=\"Imprint - INTEGRTR\" \/>\n<meta property=\"og:description\" content=\"Imprint See more Imprint Link to the German Version \u2013 Impressum The following information applies to the business activities of INTEGRTR GmbH in accordance with the statutory regulations on information obligations and provider identification on the Internet.Sources: \u00a75 Telemediengesetz (TMG) and \u00a755 Rundfunkstaatsvertrag (RStV). INTEGRTR GmbHMallaustr. 69-7368219 MannheimGermany E-mail: info@integrtr.comInternet: www.integrtr.dePhone: +49(0)173 8933 891 Managing [&hellip;]\" \/>\n<meta property=\"og:url\" content=\"https:\/\/integrtr.com\/de\/impressum-2\/\" \/>\n<meta property=\"og:site_name\" content=\"INTEGRTR\" \/>\n<meta property=\"article:publisher\" content=\"https:\/\/www.facebook.com\/integrtr\/\" \/>\n<meta property=\"article:modified_time\" content=\"2026-02-06T08:13:45+00:00\" \/>\n<meta property=\"og:image\" content=\"https:\/\/integrtr.com\/wp-content\/uploads\/2022\/03\/Group-3-1.svg\" \/>\n<meta name=\"twitter:card\" content=\"summary_large_image\" \/>\n<meta name=\"twitter:site\" content=\"@integrtr\" \/>\n<meta name=\"twitter:label1\" content=\"Gesch\u00e4tzte Lesezeit\" \/>\n\t<meta name=\"twitter:data1\" content=\"4\u00a0Minuten\" \/>\n<script type=\"application\/ld+json\" class=\"yoast-schema-graph\">{\"@context\":\"https:\\\/\\\/schema.org\",\"@graph\":[{\"@type\":\"WebPage\",\"@id\":\"https:\\\/\\\/integrtr.com\\\/de\\\/impressum-2\\\/\",\"url\":\"https:\\\/\\\/integrtr.com\\\/de\\\/impressum-2\\\/\",\"name\":\"Imprint - INTEGRTR\",\"isPartOf\":{\"@id\":\"https:\\\/\\\/integrtr.com\\\/#website\"},\"primaryImageOfPage\":{\"@id\":\"https:\\\/\\\/integrtr.com\\\/de\\\/impressum-2\\\/#primaryimage\"},\"image\":{\"@id\":\"https:\\\/\\\/integrtr.com\\\/de\\\/impressum-2\\\/#primaryimage\"},\"thumbnailUrl\":\"https:\\\/\\\/integrtr.com\\\/wp-content\\\/uploads\\\/2022\\\/03\\\/Group-3-1.svg\",\"datePublished\":\"2022-04-12T10:37:20+00:00\",\"dateModified\":\"2026-02-06T08:13:45+00:00\",\"breadcrumb\":{\"@id\":\"https:\\\/\\\/integrtr.com\\\/de\\\/impressum-2\\\/#breadcrumb\"},\"inLanguage\":\"de\",\"potentialAction\":[{\"@type\":\"ReadAction\",\"target\":[\"https:\\\/\\\/integrtr.com\\\/de\\\/impressum-2\\\/\"]}]},{\"@type\":\"ImageObject\",\"inLanguage\":\"de\",\"@id\":\"https:\\\/\\\/integrtr.com\\\/de\\\/impressum-2\\\/#primaryimage\",\"url\":\"https:\\\/\\\/integrtr.com\\\/wp-content\\\/uploads\\\/2022\\\/03\\\/Group-3-1.svg\",\"contentUrl\":\"https:\\\/\\\/integrtr.com\\\/wp-content\\\/uploads\\\/2022\\\/03\\\/Group-3-1.svg\"},{\"@type\":\"BreadcrumbList\",\"@id\":\"https:\\\/\\\/integrtr.com\\\/de\\\/impressum-2\\\/#breadcrumb\",\"itemListElement\":[{\"@type\":\"ListItem\",\"position\":1,\"name\":\"Home\",\"item\":\"https:\\\/\\\/integrtr.com\\\/\"},{\"@type\":\"ListItem\",\"position\":2,\"name\":\"Imprint\"}]},{\"@type\":\"WebSite\",\"@id\":\"https:\\\/\\\/integrtr.com\\\/#website\",\"url\":\"https:\\\/\\\/integrtr.com\\\/\",\"name\":\"INTEGRTR\",\"description\":\"\",\"publisher\":{\"@id\":\"https:\\\/\\\/integrtr.com\\\/#organization\"},\"potentialAction\":[{\"@type\":\"SearchAction\",\"target\":{\"@type\":\"EntryPoint\",\"urlTemplate\":\"https:\\\/\\\/integrtr.com\\\/?s={search_term_string}\"},\"query-input\":{\"@type\":\"PropertyValueSpecification\",\"valueRequired\":true,\"valueName\":\"search_term_string\"}}],\"inLanguage\":\"de\"},{\"@type\":\"Organization\",\"@id\":\"https:\\\/\\\/integrtr.com\\\/#organization\",\"name\":\"INTEGRTR GmbH\",\"url\":\"https:\\\/\\\/integrtr.com\\\/\",\"logo\":{\"@type\":\"ImageObject\",\"inLanguage\":\"de\",\"@id\":\"https:\\\/\\\/integrtr.com\\\/#\\\/schema\\\/logo\\\/image\\\/\",\"url\":\"https:\\\/\\\/integrtr.com\\\/wp-content\\\/uploads\\\/2022\\\/05\\\/integrtr-logo.png\",\"contentUrl\":\"https:\\\/\\\/integrtr.com\\\/wp-content\\\/uploads\\\/2022\\\/05\\\/integrtr-logo.png\",\"width\":364,\"height\":96,\"caption\":\"INTEGRTR GmbH\"},\"image\":{\"@id\":\"https:\\\/\\\/integrtr.com\\\/#\\\/schema\\\/logo\\\/image\\\/\"},\"sameAs\":[\"https:\\\/\\\/www.facebook.com\\\/integrtr\\\/\",\"https:\\\/\\\/x.com\\\/integrtr\",\"https:\\\/\\\/www.linkedin.com\\\/company\\\/integrtr\\\/\",\"https:\\\/\\\/www.instagram.com\\\/integrtr\\\/\",\"https:\\\/\\\/www.youtube.com\\\/@integrtr9894\"]}]}<\/script>\n<!-- \/ Yoast SEO plugin. -->","yoast_head_json":{"title":"Impressum - INTEGRTR","robots":{"index":"index","follow":"follow","max-snippet":"max-snippet:-1","max-image-preview":"max-image-preview:large","max-video-preview":"max-video-preview:-1"},"canonical":"https:\/\/integrtr.com\/de\/impressum-2\/","og_locale":"de_DE","og_type":"article","og_title":"Imprint - INTEGRTR","og_description":"Imprint See more Imprint Link to the German Version \u2013 Impressum The following information applies to the business activities of INTEGRTR GmbH in accordance with the statutory regulations on information obligations and provider identification on the Internet.Sources: \u00a75 Telemediengesetz (TMG) and \u00a755 Rundfunkstaatsvertrag (RStV). INTEGRTR GmbHMallaustr. 69-7368219 MannheimGermany E-mail: info@integrtr.comInternet: www.integrtr.dePhone: +49(0)173 8933 891 Managing [&hellip;]","og_url":"https:\/\/integrtr.com\/de\/impressum-2\/","og_site_name":"INTEGRTR","article_publisher":"https:\/\/www.facebook.com\/integrtr\/","article_modified_time":"2026-02-06T08:13:45+00:00","og_image":[{"url":"https:\/\/integrtr.com\/wp-content\/uploads\/2022\/03\/Group-3-1.svg","type":"","width":"","height":""}],"twitter_card":"summary_large_image","twitter_site":"@integrtr","twitter_misc":{"Gesch\u00e4tzte Lesezeit":"4\u00a0Minuten"},"schema":{"@context":"https:\/\/schema.org","@graph":[{"@type":"WebPage","@id":"https:\/\/integrtr.com\/de\/impressum-2\/","url":"https:\/\/integrtr.com\/de\/impressum-2\/","name":"Impressum - INTEGRTR","isPartOf":{"@id":"https:\/\/integrtr.com\/#website"},"primaryImageOfPage":{"@id":"https:\/\/integrtr.com\/de\/impressum-2\/#primaryimage"},"image":{"@id":"https:\/\/integrtr.com\/de\/impressum-2\/#primaryimage"},"thumbnailUrl":"https:\/\/integrtr.com\/wp-content\/uploads\/2022\/03\/Group-3-1.svg","datePublished":"2022-04-12T10:37:20+00:00","dateModified":"2026-02-06T08:13:45+00:00","breadcrumb":{"@id":"https:\/\/integrtr.com\/de\/impressum-2\/#breadcrumb"},"inLanguage":"de","potentialAction":[{"@type":"ReadAction","target":["https:\/\/integrtr.com\/de\/impressum-2\/"]}]},{"@type":"ImageObject","inLanguage":"de","@id":"https:\/\/integrtr.com\/de\/impressum-2\/#primaryimage","url":"https:\/\/integrtr.com\/wp-content\/uploads\/2022\/03\/Group-3-1.svg","contentUrl":"https:\/\/integrtr.com\/wp-content\/uploads\/2022\/03\/Group-3-1.svg"},{"@type":"BreadcrumbList","@id":"https:\/\/integrtr.com\/de\/impressum-2\/#breadcrumb","itemListElement":[{"@type":"ListItem","position":1,"name":"Home","item":"https:\/\/integrtr.com\/"},{"@type":"ListItem","position":2,"name":"Imprint"}]},{"@type":"WebSite","@id":"https:\/\/integrtr.com\/#website","url":"https:\/\/integrtr.com\/","name":"INTEGRTR","description":"","publisher":{"@id":"https:\/\/integrtr.com\/#organization"},"potentialAction":[{"@type":"SearchAction","target":{"@type":"EntryPoint","urlTemplate":"https:\/\/integrtr.com\/?s={search_term_string}"},"query-input":{"@type":"PropertyValueSpecification","valueRequired":true,"valueName":"search_term_string"}}],"inLanguage":"de"},{"@type":"Organization","@id":"https:\/\/integrtr.com\/#organization","name":"INTEGRTR GmbH","url":"https:\/\/integrtr.com\/","logo":{"@type":"ImageObject","inLanguage":"de","@id":"https:\/\/integrtr.com\/#\/schema\/logo\/image\/","url":"https:\/\/integrtr.com\/wp-content\/uploads\/2022\/05\/integrtr-logo.png","contentUrl":"https:\/\/integrtr.com\/wp-content\/uploads\/2022\/05\/integrtr-logo.png","width":364,"height":96,"caption":"INTEGRTR GmbH"},"image":{"@id":"https:\/\/integrtr.com\/#\/schema\/logo\/image\/"},"sameAs":["https:\/\/www.facebook.com\/integrtr\/","https:\/\/x.com\/integrtr","https:\/\/www.linkedin.com\/company\/integrtr\/","https:\/\/www.instagram.com\/integrtr\/","https:\/\/www.youtube.com\/@integrtr9894"]}]}},"_links":{"self":[{"href":"https:\/\/integrtr.com\/de\/wp-json\/wp\/v2\/pages\/6046","targetHints":{"allow":["GET"]}}],"collection":[{"href":"https:\/\/integrtr.com\/de\/wp-json\/wp\/v2\/pages"}],"about":[{"href":"https:\/\/integrtr.com\/de\/wp-json\/wp\/v2\/types\/page"}],"author":[{"embeddable":true,"href":"https:\/\/integrtr.com\/de\/wp-json\/wp\/v2\/users\/4"}],"replies":[{"embeddable":true,"href":"https:\/\/integrtr.com\/de\/wp-json\/wp\/v2\/comments?post=6046"}],"version-history":[{"count":0,"href":"https:\/\/integrtr.com\/de\/wp-json\/wp\/v2\/pages\/6046\/revisions"}],"wp:attachment":[{"href":"https:\/\/integrtr.com\/de\/wp-json\/wp\/v2\/media?parent=6046"}],"curies":[{"name":"wp","href":"https:\/\/api.w.org\/{rel}","templated":true}]}}