{"id":4367,"date":"2022-04-06T14:49:23","date_gmt":"2022-04-06T09:19:23","guid":{"rendered":"https:\/\/integrtr.com\/?page_id=4367"},"modified":"2025-05-15T15:26:29","modified_gmt":"2025-05-15T09:56:29","slug":"partner","status":"publish","type":"page","link":"https:\/\/integrtr.com\/de\/partners\/","title":{"rendered":"Partner"},"content":{"rendered":"<div data-elementor-type=\"wp-page\" data-elementor-id=\"4367\" class=\"elementor elementor-4367\" data-elementor-post-type=\"page\">\n\t\t\t\t\t\t<section class=\"elementor-section elementor-top-section elementor-element elementor-element-7290aa8 elementor-section-items-stretch elementor-section-height-min-height elementor-section-boxed elementor-section-height-default\" data-id=\"7290aa8\" data-element_type=\"section\" data-e-type=\"section\" data-settings=\"{&quot;background_background&quot;:&quot;classic&quot;}\">\n\t\t\t\t\t\t\t<div class=\"elementor-background-overlay\"><\/div>\n\t\t\t\t\t\t\t<div class=\"elementor-container elementor-column-gap-default\">\n\t\t\t\t\t<div class=\"elementor-column elementor-col-100 elementor-top-column elementor-element elementor-element-0732fe4\" data-id=\"0732fe4\" data-element_type=\"column\" data-e-type=\"column\">\n\t\t\t<div class=\"elementor-widget-wrap elementor-element-populated\">\n\t\t\t\t\t\t<div class=\"elementor-element elementor-element-bb91799 elementor-invisible elementor-widget elementor-widget-heading\" data-id=\"bb91799\" data-element_type=\"widget\" data-e-type=\"widget\" data-settings=\"{&quot;_animation&quot;:&quot;fadeInUp&quot;}\" data-widget_type=\"heading.default\">\n\t\t\t\t<div class=\"elementor-widget-container\">\n\t\t\t\t\t<h1 class=\"elementor-heading-title elementor-size-default\">Partner<\/h1>\t\t\t\t<\/div>\n\t\t\t\t<\/div>\n\t\t\t\t<div class=\"elementor-element elementor-element-045b15d elementor-invisible elementor-widget elementor-widget-image\" data-id=\"045b15d\" data-element_type=\"widget\" data-e-type=\"widget\" data-settings=\"{&quot;_animation&quot;:&quot;zoomIn&quot;,&quot;_animation_delay&quot;:400}\" data-widget_type=\"image.default\">\n\t\t\t\t<div class=\"elementor-widget-container\">\n\t\t\t\t\t\t\t\t\t\t\t\t\t\t\t<img decoding=\"async\" width=\"420\" height=\"6\" src=\"https:\/\/integrtr.com\/wp-content\/uploads\/2022\/03\/Group-3-1.svg\" class=\"attachment-large size-large wp-image-3151\" alt=\"\" \/>\t\t\t\t\t\t\t\t\t\t\t\t\t\t\t<\/div>\n\t\t\t\t<\/div>\n\t\t\t\t<div class=\"elementor-element elementor-element-5d5db833 elementor-align-center elementor-invisible elementor-widget elementor-widget-button\" data-id=\"5d5db833\" data-element_type=\"widget\" data-e-type=\"widget\" data-settings=\"{&quot;_animation&quot;:&quot;fadeInUp&quot;}\" data-widget_type=\"button.default\">\n\t\t\t\t<div class=\"elementor-widget-container\">\n\t\t\t\t\t\t\t\t\t<div class=\"elementor-button-wrapper\">\n\t\t\t\t\t<a class=\"elementor-button elementor-button-link elementor-size-sm\" href=\"#about\" id=\"gradiant-btn\">\n\t\t\t\t\t\t<span class=\"elementor-button-content-wrapper\">\n\t\t\t\t\t\t\t\t\t<span class=\"elementor-button-text\">Mehr sehen<\/span>\n\t\t\t\t\t<\/span>\n\t\t\t\t\t<\/a>\n\t\t\t\t<\/div>\n\t\t\t\t\t\t\t\t<\/div>\n\t\t\t\t<\/div>\n\t\t\t\t<div class=\"elementor-element elementor-element-cffe7e2 elementor-widget__width-auto elementor-absolute elementor-widget elementor-widget-image\" data-id=\"cffe7e2\" data-element_type=\"widget\" data-e-type=\"widget\" data-settings=\"{&quot;_position&quot;:&quot;absolute&quot;}\" data-widget_type=\"image.default\">\n\t\t\t\t<div class=\"elementor-widget-container\">\n\t\t\t\t\t\t\t\t\t\t\t\t\t\t\t<img fetchpriority=\"high\" decoding=\"async\" width=\"393\" height=\"698\" src=\"https:\/\/integrtr.com\/wp-content\/uploads\/2022\/02\/net-03-2.svg\" class=\"attachment-large size-large wp-image-1464\" alt=\"\" \/>\t\t\t\t\t\t\t\t\t\t\t\t\t\t\t<\/div>\n\t\t\t\t<\/div>\n\t\t\t\t<div class=\"elementor-element elementor-element-1b8f595 elementor-widget__width-auto elementor-absolute elementor-widget elementor-widget-image\" data-id=\"1b8f595\" data-element_type=\"widget\" data-e-type=\"widget\" data-settings=\"{&quot;_position&quot;:&quot;absolute&quot;}\" data-widget_type=\"image.default\">\n\t\t\t\t<div class=\"elementor-widget-container\">\n\t\t\t\t\t\t\t\t\t\t\t\t\t\t\t<img decoding=\"async\" width=\"587\" height=\"698\" src=\"https:\/\/integrtr.com\/wp-content\/uploads\/2022\/03\/net-03-2-1.png\" class=\"attachment-large size-large wp-image-3217\" alt=\"\" srcset=\"https:\/\/integrtr.com\/wp-content\/uploads\/2022\/03\/net-03-2-1.png 587w, https:\/\/integrtr.com\/wp-content\/uploads\/2022\/03\/net-03-2-1-252x300.png 252w\" sizes=\"(max-width: 587px) 100vw, 587px\" \/>\t\t\t\t\t\t\t\t\t\t\t\t\t\t\t<\/div>\n\t\t\t\t<\/div>\n\t\t\t\t<div class=\"elementor-element elementor-element-381d586 elementor-widget__width-auto elementor-absolute elementor-widget elementor-widget-image\" data-id=\"381d586\" data-element_type=\"widget\" data-e-type=\"widget\" data-settings=\"{&quot;_position&quot;:&quot;absolute&quot;}\" data-widget_type=\"image.default\">\n\t\t\t\t<div class=\"elementor-widget-container\">\n\t\t\t\t\t\t\t\t\t\t\t\t\t\t\t<img loading=\"lazy\" decoding=\"async\" width=\"340\" height=\"341\" src=\"https:\/\/integrtr.com\/wp-content\/uploads\/2022\/03\/Ellipse-9.png\" class=\"attachment-large size-large wp-image-3161\" alt=\"\" srcset=\"https:\/\/integrtr.com\/wp-content\/uploads\/2022\/03\/Ellipse-9.png 340w, https:\/\/integrtr.com\/wp-content\/uploads\/2022\/03\/Ellipse-9-300x300.png 300w, https:\/\/integrtr.com\/wp-content\/uploads\/2022\/03\/Ellipse-9-150x150.png 150w\" sizes=\"(max-width: 340px) 100vw, 340px\" \/>\t\t\t\t\t\t\t\t\t\t\t\t\t\t\t<\/div>\n\t\t\t\t<\/div>\n\t\t\t\t<div class=\"elementor-element elementor-element-21b4d6b elementor-widget__width-auto elementor-absolute elementor-widget elementor-widget-image\" data-id=\"21b4d6b\" data-element_type=\"widget\" data-e-type=\"widget\" data-settings=\"{&quot;_position&quot;:&quot;absolute&quot;}\" data-widget_type=\"image.default\">\n\t\t\t\t<div class=\"elementor-widget-container\">\n\t\t\t\t\t\t\t\t\t\t\t\t\t\t\t<img loading=\"lazy\" decoding=\"async\" width=\"293\" height=\"222\" src=\"https:\/\/integrtr.com\/wp-content\/uploads\/2022\/03\/Ellipse-9-1-e1648453871374.png\" class=\"attachment-large size-large wp-image-3162\" alt=\"\" \/>\t\t\t\t\t\t\t\t\t\t\t\t\t\t\t<\/div>\n\t\t\t\t<\/div>\n\t\t\t\t\t<\/div>\n\t\t<\/div>\n\t\t\t\t\t<\/div>\n\t\t<\/section>\n\t\t\t\t<section class=\"elementor-section elementor-top-section elementor-element elementor-element-fd37227 elementor-section-boxed elementor-section-height-default elementor-section-height-default\" data-id=\"fd37227\" data-element_type=\"section\" data-e-type=\"section\" id=\"about\" data-settings=\"{&quot;background_background&quot;:&quot;classic&quot;}\">\n\t\t\t\t\t\t<div class=\"elementor-container elementor-column-gap-default\">\n\t\t\t\t\t<div class=\"elementor-column elementor-col-100 elementor-top-column elementor-element elementor-element-5ffc27f\" data-id=\"5ffc27f\" data-element_type=\"column\" data-e-type=\"column\">\n\t\t\t<div class=\"elementor-widget-wrap elementor-element-populated\">\n\t\t\t\t\t\t<div class=\"elementor-element elementor-element-f1a73d4 under_line elementor-invisible elementor-widget elementor-widget-heading\" data-id=\"f1a73d4\" data-element_type=\"widget\" data-e-type=\"widget\" data-settings=\"{&quot;_animation&quot;:&quot;fadeInUp&quot;}\" data-widget_type=\"heading.default\">\n\t\t\t\t<div class=\"elementor-widget-container\">\n\t\t\t\t\t<h3 class=\"elementor-heading-title elementor-size-default\">Werden Sie INTEGRTR-Partner<\/h3>\t\t\t\t<\/div>\n\t\t\t\t<\/div>\n\t\t\t\t<div class=\"elementor-element elementor-element-7896f31 elementor-invisible elementor-widget elementor-widget-text-editor\" data-id=\"7896f31\" data-element_type=\"widget\" data-e-type=\"widget\" data-settings=\"{&quot;_animation&quot;:&quot;fadeInUp&quot;}\" data-widget_type=\"text-editor.default\">\n\t\t\t\t<div class=\"elementor-widget-container\">\n\t\t\t\t\t\t\t\t\t<p>Ganz gleich, ob Sie Ihr Beratungsportfolio erweitern, Ihren Kunden erfolgreiche SAP-Integrationsprojekte liefern oder ein plattform.INTEGRTR-Reseller werden wollen. Kontaktieren Sie uns und werden Sie Teil eines sich schnell entwickelnden Partner-\u00d6kosystems.<\/p><p>Fangen wir an<\/p>\t\t\t\t\t\t\t\t<\/div>\n\t\t\t\t<\/div>\n\t\t\t\t<div class=\"elementor-element elementor-element-1333f34 under_line elementor-widget elementor-widget-heading\" data-id=\"1333f34\" data-element_type=\"widget\" data-e-type=\"widget\" data-widget_type=\"heading.default\">\n\t\t\t\t<div class=\"elementor-widget-container\">\n\t\t\t\t\t<h3 class=\"elementor-heading-title elementor-size-default\">INTEGRTR ist Partner von<\/h3>\t\t\t\t<\/div>\n\t\t\t\t<\/div>\n\t\t\t\t<div class=\"elementor-element elementor-element-8e15976 elementor-widget__width-auto elementor-invisible elementor-widget elementor-widget-image\" data-id=\"8e15976\" data-element_type=\"widget\" data-e-type=\"widget\" data-settings=\"{&quot;_animation&quot;:&quot;fadeInUp&quot;,&quot;_animation_delay&quot;:200}\" data-widget_type=\"image.default\">\n\t\t\t\t<div class=\"elementor-widget-container\">\n\t\t\t\t\t\t\t\t\t\t\t\t\t\t\t<img loading=\"lazy\" decoding=\"async\" width=\"104\" height=\"62\" src=\"https:\/\/integrtr.com\/wp-content\/uploads\/2022\/04\/image-7-e1649241633886.png\" class=\"attachment-large size-large wp-image-4443\" alt=\"\" \/>\t\t\t\t\t\t\t\t\t\t\t\t\t\t\t<\/div>\n\t\t\t\t<\/div>\n\t\t\t\t<div class=\"elementor-element elementor-element-29e5e05 elementor-widget__width-auto elementor-invisible elementor-widget elementor-widget-image\" data-id=\"29e5e05\" data-element_type=\"widget\" data-e-type=\"widget\" data-settings=\"{&quot;_animation&quot;:&quot;fadeInUp&quot;}\" data-widget_type=\"image.default\">\n\t\t\t\t<div class=\"elementor-widget-container\">\n\t\t\t\t\t\t\t\t\t\t\t\t\t\t\t<img loading=\"lazy\" decoding=\"async\" width=\"142\" height=\"46\" src=\"https:\/\/integrtr.com\/wp-content\/uploads\/2022\/04\/image-8-e1649241650593.png\" class=\"attachment-large size-large wp-image-4444\" alt=\"\" \/>\t\t\t\t\t\t\t\t\t\t\t\t\t\t\t<\/div>\n\t\t\t\t<\/div>\n\t\t\t\t\t<\/div>\n\t\t<\/div>\n\t\t\t\t\t<\/div>\n\t\t<\/section>\n\t\t\t\t<section class=\"elementor-section elementor-top-section elementor-element elementor-element-652cd2a6 elementor-section-boxed elementor-section-height-default elementor-section-height-default\" data-id=\"652cd2a6\" data-element_type=\"section\" data-e-type=\"section\">\n\t\t\t\t\t\t<div class=\"elementor-container elementor-column-gap-default\">\n\t\t\t\t\t<div class=\"elementor-column elementor-col-50 elementor-top-column elementor-element elementor-element-3d198331\" data-id=\"3d198331\" data-element_type=\"column\" data-e-type=\"column\">\n\t\t\t<div class=\"elementor-widget-wrap elementor-element-populated\">\n\t\t\t\t\t\t<div class=\"elementor-element elementor-element-480f7450 elementor-invisible elementor-widget elementor-widget-heading\" data-id=\"480f7450\" data-element_type=\"widget\" data-e-type=\"widget\" data-settings=\"{&quot;_animation&quot;:&quot;fadeInUp&quot;}\" data-widget_type=\"heading.default\">\n\t\t\t\t<div class=\"elementor-widget-container\">\n\t\t\t\t\t<h3 class=\"elementor-heading-title elementor-size-default\">Je effizienter Digitalisierung und Daten\nflie\u00dfen, desto h\u00f6her ist der Gesch\u00e4ftswert und\nWettbewerbsf\u00e4higkeit.<\/h3>\t\t\t\t<\/div>\n\t\t\t\t<\/div>\n\t\t\t\t<div class=\"elementor-element elementor-element-1eb3b343 elementor-invisible elementor-widget elementor-widget-heading\" data-id=\"1eb3b343\" data-element_type=\"widget\" data-e-type=\"widget\" data-settings=\"{&quot;_animation&quot;:&quot;fadeInUp&quot;}\" data-widget_type=\"heading.default\">\n\t\t\t\t<div class=\"elementor-widget-container\">\n\t\t\t\t\t<h3 class=\"elementor-heading-title elementor-size-default\">Aktualisieren Sie Ihre Unternehmensintegration<\/h3>\t\t\t\t<\/div>\n\t\t\t\t<\/div>\n\t\t\t\t\t<\/div>\n\t\t<\/div>\n\t\t\t\t<div class=\"elementor-column elementor-col-50 elementor-top-column elementor-element elementor-element-672fa291\" data-id=\"672fa291\" data-element_type=\"column\" data-e-type=\"column\">\n\t\t\t<div class=\"elementor-widget-wrap elementor-element-populated\">\n\t\t\t\t\t\t<div class=\"elementor-element elementor-element-a3d47cb elementor-widget__width-auto elementor-invisible elementor-widget elementor-widget-button\" data-id=\"a3d47cb\" data-element_type=\"widget\" data-e-type=\"widget\" data-settings=\"{&quot;_animation&quot;:&quot;fadeInUp&quot;,&quot;_animation_delay&quot;:200}\" data-widget_type=\"button.default\">\n\t\t\t\t<div class=\"elementor-widget-container\">\n\t\t\t\t\t\t\t\t\t<div class=\"elementor-button-wrapper\">\n\t\t\t\t\t<a class=\"elementor-button elementor-button-link elementor-size-sm\" href=\"\/de\/kontakt-uns\/\" id=\"gradiant-btn\">\n\t\t\t\t\t\t<span class=\"elementor-button-content-wrapper\">\n\t\t\t\t\t\t\t\t\t<span class=\"elementor-button-text\">Kontakt<\/span>\n\t\t\t\t\t<\/span>\n\t\t\t\t\t<\/a>\n\t\t\t\t<\/div>\n\t\t\t\t\t\t\t\t<\/div>\n\t\t\t\t<\/div>\n\t\t\t\t\t<\/div>\n\t\t<\/div>\n\t\t\t\t\t<\/div>\n\t\t<\/section>\n\t\t\t\t<\/div>","protected":false},"excerpt":{"rendered":"<p>Partners See more Become an INTEGRTR partner No matter if you are looking forward to broaden your consulting portfolio, delivering successful SAP integration projects to your clients or want to become a platform.INTEGRTR reseller. Contact us and be part of a fast developing partner ecosystem. Let&#8217;s get started INTEGRTR is partner of The more efficient [&hellip;]<\/p>\n","protected":false},"author":2,"featured_media":0,"parent":0,"menu_order":0,"comment_status":"closed","ping_status":"closed","template":"","meta":{"_acf_changed":false,"content-type":"","inline_featured_image":false,"site-sidebar-layout":"no-sidebar","site-content-layout":"page-builder","ast-site-content-layout":"default","site-content-style":"default","site-sidebar-style":"default","ast-global-header-display":"","ast-banner-title-visibility":"","ast-main-header-display":"","ast-hfb-above-header-display":"","ast-hfb-below-header-display":"","ast-hfb-mobile-header-display":"","site-post-title":"disabled","ast-breadcrumbs-content":"","ast-featured-img":"disabled","footer-sml-layout":"","ast-disable-related-posts":"","theme-transparent-header-meta":"","adv-header-id-meta":"","stick-header-meta":"","header-above-stick-meta":"","header-main-stick-meta":"","header-below-stick-meta":"","astra-migrate-meta-layouts":"default","ast-page-background-enabled":"default","ast-page-background-meta":{"desktop":{"background-color":"","background-image":"","background-repeat":"repeat","background-position":"center center","background-size":"auto","background-attachment":"scroll","background-type":"","background-media":"","overlay-type":"","overlay-color":"","overlay-opacity":"","overlay-gradient":""},"tablet":{"background-color":"","background-image":"","background-repeat":"repeat","background-position":"center center","background-size":"auto","background-attachment":"scroll","background-type":"","background-media":"","overlay-type":"","overlay-color":"","overlay-opacity":"","overlay-gradient":""},"mobile":{"background-color":"","background-image":"","background-repeat":"repeat","background-position":"center center","background-size":"auto","background-attachment":"scroll","background-type":"","background-media":"","overlay-type":"","overlay-color":"","overlay-opacity":"","overlay-gradient":""}},"ast-content-background-meta":{"desktop":{"background-color":"var(--ast-global-color-5)","background-image":"","background-repeat":"repeat","background-position":"center center","background-size":"auto","background-attachment":"scroll","background-type":"","background-media":"","overlay-type":"","overlay-color":"","overlay-opacity":"","overlay-gradient":""},"tablet":{"background-color":"var(--ast-global-color-5)","background-image":"","background-repeat":"repeat","background-position":"center center","background-size":"auto","background-attachment":"scroll","background-type":"","background-media":"","overlay-type":"","overlay-color":"","overlay-opacity":"","overlay-gradient":""},"mobile":{"background-color":"var(--ast-global-color-5)","background-image":"","background-repeat":"repeat","background-position":"center center","background-size":"auto","background-attachment":"scroll","background-type":"","background-media":"","overlay-type":"","overlay-color":"","overlay-opacity":"","overlay-gradient":""}},"footnotes":""},"class_list":["post-4367","page","type-page","status-publish","hentry"],"acf":[],"yoast_head":"<!-- This site is optimized with the Yoast SEO plugin v27.4 - https:\/\/yoast.com\/product\/yoast-seo-wordpress\/ -->\n<title>Partners - INTEGRTR<\/title>\n<meta name=\"robots\" content=\"index, follow, max-snippet:-1, max-image-preview:large, max-video-preview:-1\" \/>\n<link rel=\"canonical\" href=\"https:\/\/integrtr.com\/de\/partner\/\" \/>\n<meta property=\"og:locale\" content=\"de_DE\" \/>\n<meta property=\"og:type\" content=\"article\" \/>\n<meta property=\"og:title\" content=\"Partners - INTEGRTR\" \/>\n<meta property=\"og:description\" content=\"Partners See more Become an INTEGRTR partner No matter if you are looking forward to broaden your consulting portfolio, delivering successful SAP integration projects to your clients or want to become a platform.INTEGRTR reseller. Contact us and be part of a fast developing partner ecosystem. Let&#8217;s get started INTEGRTR is partner of The more efficient [&hellip;]\" \/>\n<meta property=\"og:url\" content=\"https:\/\/integrtr.com\/de\/partner\/\" \/>\n<meta property=\"og:site_name\" content=\"INTEGRTR\" \/>\n<meta property=\"article:publisher\" content=\"https:\/\/www.facebook.com\/integrtr\/\" \/>\n<meta property=\"article:modified_time\" content=\"2025-05-15T09:56:29+00:00\" \/>\n<meta property=\"og:image\" content=\"https:\/\/integrtr.com\/wp-content\/uploads\/2022\/03\/Group-3-1.svg\" \/>\n<meta name=\"twitter:card\" content=\"summary_large_image\" \/>\n<meta name=\"twitter:site\" content=\"@integrtr\" \/>\n<meta name=\"twitter:label1\" content=\"Gesch\u00e4tzte Lesezeit\" \/>\n\t<meta name=\"twitter:data1\" content=\"2\u00a0Minuten\" \/>\n<script type=\"application\/ld+json\" class=\"yoast-schema-graph\">{\"@context\":\"https:\\\/\\\/schema.org\",\"@graph\":[{\"@type\":\"WebPage\",\"@id\":\"https:\\\/\\\/integrtr.com\\\/de\\\/partner\\\/\",\"url\":\"https:\\\/\\\/integrtr.com\\\/de\\\/partner\\\/\",\"name\":\"Partners - INTEGRTR\",\"isPartOf\":{\"@id\":\"https:\\\/\\\/integrtr.com\\\/#website\"},\"primaryImageOfPage\":{\"@id\":\"https:\\\/\\\/integrtr.com\\\/de\\\/partner\\\/#primaryimage\"},\"image\":{\"@id\":\"https:\\\/\\\/integrtr.com\\\/de\\\/partner\\\/#primaryimage\"},\"thumbnailUrl\":\"https:\\\/\\\/integrtr.com\\\/wp-content\\\/uploads\\\/2022\\\/03\\\/Group-3-1.svg\",\"datePublished\":\"2022-04-06T09:19:23+00:00\",\"dateModified\":\"2025-05-15T09:56:29+00:00\",\"breadcrumb\":{\"@id\":\"https:\\\/\\\/integrtr.com\\\/de\\\/partner\\\/#breadcrumb\"},\"inLanguage\":\"de\",\"potentialAction\":[{\"@type\":\"ReadAction\",\"target\":[\"https:\\\/\\\/integrtr.com\\\/de\\\/partner\\\/\"]}]},{\"@type\":\"ImageObject\",\"inLanguage\":\"de\",\"@id\":\"https:\\\/\\\/integrtr.com\\\/de\\\/partner\\\/#primaryimage\",\"url\":\"https:\\\/\\\/integrtr.com\\\/wp-content\\\/uploads\\\/2022\\\/03\\\/Group-3-1.svg\",\"contentUrl\":\"https:\\\/\\\/integrtr.com\\\/wp-content\\\/uploads\\\/2022\\\/03\\\/Group-3-1.svg\"},{\"@type\":\"BreadcrumbList\",\"@id\":\"https:\\\/\\\/integrtr.com\\\/de\\\/partner\\\/#breadcrumb\",\"itemListElement\":[{\"@type\":\"ListItem\",\"position\":1,\"name\":\"Home\",\"item\":\"https:\\\/\\\/integrtr.com\\\/\"},{\"@type\":\"ListItem\",\"position\":2,\"name\":\"Partners\"}]},{\"@type\":\"WebSite\",\"@id\":\"https:\\\/\\\/integrtr.com\\\/#website\",\"url\":\"https:\\\/\\\/integrtr.com\\\/\",\"name\":\"INTEGRTR\",\"description\":\"\",\"publisher\":{\"@id\":\"https:\\\/\\\/integrtr.com\\\/#organization\"},\"potentialAction\":[{\"@type\":\"SearchAction\",\"target\":{\"@type\":\"EntryPoint\",\"urlTemplate\":\"https:\\\/\\\/integrtr.com\\\/?s={search_term_string}\"},\"query-input\":{\"@type\":\"PropertyValueSpecification\",\"valueRequired\":true,\"valueName\":\"search_term_string\"}}],\"inLanguage\":\"de\"},{\"@type\":\"Organization\",\"@id\":\"https:\\\/\\\/integrtr.com\\\/#organization\",\"name\":\"INTEGRTR GmbH\",\"url\":\"https:\\\/\\\/integrtr.com\\\/\",\"logo\":{\"@type\":\"ImageObject\",\"inLanguage\":\"de\",\"@id\":\"https:\\\/\\\/integrtr.com\\\/#\\\/schema\\\/logo\\\/image\\\/\",\"url\":\"https:\\\/\\\/integrtr.com\\\/wp-content\\\/uploads\\\/2022\\\/05\\\/integrtr-logo.png\",\"contentUrl\":\"https:\\\/\\\/integrtr.com\\\/wp-content\\\/uploads\\\/2022\\\/05\\\/integrtr-logo.png\",\"width\":364,\"height\":96,\"caption\":\"INTEGRTR GmbH\"},\"image\":{\"@id\":\"https:\\\/\\\/integrtr.com\\\/#\\\/schema\\\/logo\\\/image\\\/\"},\"sameAs\":[\"https:\\\/\\\/www.facebook.com\\\/integrtr\\\/\",\"https:\\\/\\\/x.com\\\/integrtr\",\"https:\\\/\\\/www.linkedin.com\\\/company\\\/integrtr\\\/\",\"https:\\\/\\\/www.instagram.com\\\/integrtr\\\/\",\"https:\\\/\\\/www.youtube.com\\\/@integrtr9894\"]}]}<\/script>\n<!-- \/ Yoast SEO plugin. -->","yoast_head_json":{"title":"Partner - INTEGRTR","robots":{"index":"index","follow":"follow","max-snippet":"max-snippet:-1","max-image-preview":"max-image-preview:large","max-video-preview":"max-video-preview:-1"},"canonical":"https:\/\/integrtr.com\/de\/partner\/","og_locale":"de_DE","og_type":"article","og_title":"Partners - INTEGRTR","og_description":"Partners See more Become an INTEGRTR partner No matter if you are looking forward to broaden your consulting portfolio, delivering successful SAP integration projects to your clients or want to become a platform.INTEGRTR reseller. Contact us and be part of a fast developing partner ecosystem. Let&#8217;s get started INTEGRTR is partner of The more efficient [&hellip;]","og_url":"https:\/\/integrtr.com\/de\/partner\/","og_site_name":"INTEGRTR","article_publisher":"https:\/\/www.facebook.com\/integrtr\/","article_modified_time":"2025-05-15T09:56:29+00:00","og_image":[{"url":"https:\/\/integrtr.com\/wp-content\/uploads\/2022\/03\/Group-3-1.svg","type":"","width":"","height":""}],"twitter_card":"summary_large_image","twitter_site":"@integrtr","twitter_misc":{"Gesch\u00e4tzte Lesezeit":"2\u00a0Minuten"},"schema":{"@context":"https:\/\/schema.org","@graph":[{"@type":"WebPage","@id":"https:\/\/integrtr.com\/de\/partner\/","url":"https:\/\/integrtr.com\/de\/partner\/","name":"Partner - INTEGRTR","isPartOf":{"@id":"https:\/\/integrtr.com\/#website"},"primaryImageOfPage":{"@id":"https:\/\/integrtr.com\/de\/partner\/#primaryimage"},"image":{"@id":"https:\/\/integrtr.com\/de\/partner\/#primaryimage"},"thumbnailUrl":"https:\/\/integrtr.com\/wp-content\/uploads\/2022\/03\/Group-3-1.svg","datePublished":"2022-04-06T09:19:23+00:00","dateModified":"2025-05-15T09:56:29+00:00","breadcrumb":{"@id":"https:\/\/integrtr.com\/de\/partner\/#breadcrumb"},"inLanguage":"de","potentialAction":[{"@type":"ReadAction","target":["https:\/\/integrtr.com\/de\/partner\/"]}]},{"@type":"ImageObject","inLanguage":"de","@id":"https:\/\/integrtr.com\/de\/partner\/#primaryimage","url":"https:\/\/integrtr.com\/wp-content\/uploads\/2022\/03\/Group-3-1.svg","contentUrl":"https:\/\/integrtr.com\/wp-content\/uploads\/2022\/03\/Group-3-1.svg"},{"@type":"BreadcrumbList","@id":"https:\/\/integrtr.com\/de\/partner\/#breadcrumb","itemListElement":[{"@type":"ListItem","position":1,"name":"Home","item":"https:\/\/integrtr.com\/"},{"@type":"ListItem","position":2,"name":"Partners"}]},{"@type":"WebSite","@id":"https:\/\/integrtr.com\/#website","url":"https:\/\/integrtr.com\/","name":"INTEGRTR","description":"","publisher":{"@id":"https:\/\/integrtr.com\/#organization"},"potentialAction":[{"@type":"SearchAction","target":{"@type":"EntryPoint","urlTemplate":"https:\/\/integrtr.com\/?s={search_term_string}"},"query-input":{"@type":"PropertyValueSpecification","valueRequired":true,"valueName":"search_term_string"}}],"inLanguage":"de"},{"@type":"Organization","@id":"https:\/\/integrtr.com\/#organization","name":"INTEGRTR GmbH","url":"https:\/\/integrtr.com\/","logo":{"@type":"ImageObject","inLanguage":"de","@id":"https:\/\/integrtr.com\/#\/schema\/logo\/image\/","url":"https:\/\/integrtr.com\/wp-content\/uploads\/2022\/05\/integrtr-logo.png","contentUrl":"https:\/\/integrtr.com\/wp-content\/uploads\/2022\/05\/integrtr-logo.png","width":364,"height":96,"caption":"INTEGRTR GmbH"},"image":{"@id":"https:\/\/integrtr.com\/#\/schema\/logo\/image\/"},"sameAs":["https:\/\/www.facebook.com\/integrtr\/","https:\/\/x.com\/integrtr","https:\/\/www.linkedin.com\/company\/integrtr\/","https:\/\/www.instagram.com\/integrtr\/","https:\/\/www.youtube.com\/@integrtr9894"]}]}},"_links":{"self":[{"href":"https:\/\/integrtr.com\/de\/wp-json\/wp\/v2\/pages\/4367","targetHints":{"allow":["GET"]}}],"collection":[{"href":"https:\/\/integrtr.com\/de\/wp-json\/wp\/v2\/pages"}],"about":[{"href":"https:\/\/integrtr.com\/de\/wp-json\/wp\/v2\/types\/page"}],"author":[{"embeddable":true,"href":"https:\/\/integrtr.com\/de\/wp-json\/wp\/v2\/users\/2"}],"replies":[{"embeddable":true,"href":"https:\/\/integrtr.com\/de\/wp-json\/wp\/v2\/comments?post=4367"}],"version-history":[{"count":0,"href":"https:\/\/integrtr.com\/de\/wp-json\/wp\/v2\/pages\/4367\/revisions"}],"wp:attachment":[{"href":"https:\/\/integrtr.com\/de\/wp-json\/wp\/v2\/media?parent=4367"}],"curies":[{"name":"wp","href":"https:\/\/api.w.org\/{rel}","templated":true}]}}